{"id":7,"date":"2021-09-11T10:41:25","date_gmt":"2021-09-11T10:41:25","guid":{"rendered":"https:\/\/scoutclaro.ch\/wordpress\/?page_id=7"},"modified":"2024-10-15T00:27:22","modified_gmt":"2024-10-15T00:27:22","slug":"animatori","status":"publish","type":"page","link":"https:\/\/www.scoutduevette.ch\/wordpress\/animatori\/","title":{"rendered":"ANIMATORI"},"content":{"rendered":"\n<div class=\"wp-block-columns is-layout-flex wp-container-core-columns-is-layout-9d6595d7 wp-block-columns-is-layout-flex\">\n<div class=\"wp-block-column is-layout-flow wp-block-column-is-layout-flow\">\n<figure class=\"wp-block-image size-full\"><img loading=\"lazy\" decoding=\"async\" width=\"300\" height=\"437\" src=\"https:\/\/scoutclaro.ch\/wordpress\/wp-content\/uploads\/2021\/09\/rover.jpg\" alt=\"\" class=\"wp-image-157\" srcset=\"https:\/\/www.scoutduevette.ch\/wordpress\/wp-content\/uploads\/2021\/09\/rover.jpg 300w, https:\/\/www.scoutduevette.ch\/wordpress\/wp-content\/uploads\/2021\/09\/rover-206x300.jpg 206w\" sizes=\"auto, (max-width: 300px) 100vw, 300px\" \/><\/figure>\n<\/div>\n\n\n\n<div class=\"wp-block-column is-layout-flow wp-block-column-is-layout-flow\">\n<figure class=\"wp-block-table is-style-stripes\"><table><tbody><tr><td><strong>Nome:<\/strong><\/td><td>Quarta branca \/ Branca rover-Animatori<\/td><\/tr><tr><td><strong>Et\u00e0:<\/strong><\/td><td>dai 18 in su!<\/td><\/tr><tr><td><strong>Motto:<\/strong><\/td><td>Servire<\/td><\/tr><tr><td><strong>Ritrovo:<\/strong><\/td><td>A loro discrezione<\/td><\/tr><\/tbody><\/table><\/figure>\n<\/div>\n<\/div>\n\n\n\n<h2 class=\"wp-block-heading has-text-align-center\">Servire!<\/h2>\n\n\n\n<p class=\"has-text-align-center\">I giovani adulti sono spesso suddivisi in reparti e si impegnano in questi gruppi oppure come singoli rover per lo scoutismo ed il loro ambiente. I reparti hanno diverse grandezze e si organizzano in modo indipendente. L\u2019orizzonte dei rover \u00e8 ampio e le attivit\u00e0 offrono infinite possibilit\u00e0 per vivere avventure indimenticabili e per impegnarsi. I rover si caratterizzano dalla camicia verde, che da ora in poi li accompagner\u00e0, si spera, ancora a lungo.<\/p>\n\n\n\n<div class=\"wp-block-columns is-layout-flex wp-container-core-columns-is-layout-9d6595d7 wp-block-columns-is-layout-flex\">\n<div class=\"wp-block-column is-layout-flow wp-block-column-is-layout-flow\">\n<h3 class=\"wp-block-heading\">Visione<\/h3>\n\n\n\n<p>Il sostegno allo sviluppo globale dei (giovani) adulti, la coscienza e la messa in pratica dei tre ruoli dei rover (partecipante, funzionario, risorsa) ed&nbsp;i valori e l\u2019impegno dei rover formano la visione della branca rover del Movimento Scout Svizzero.<\/p>\n\n\n\n<h3 class=\"wp-block-heading\">I tre ruoli dei rover<\/h3>\n\n\n\n<p>I rover possono assumere diversi ruoli. Un rover anima per esempio la sezione quale funzionario, aiuta in un evento quale risorsa oppure \u00e8 lui stesso partecipante ad un\u2019attivit\u00e0.<\/p>\n<\/div>\n\n\n\n<div class=\"wp-block-column is-layout-flow wp-block-column-is-layout-flow\">\n<figure class=\"wp-block-image size-full\"><img loading=\"lazy\" decoding=\"async\" width=\"2560\" height=\"1707\" src=\"https:\/\/www.scoutduevette.ch\/wordpress\/wp-content\/uploads\/2024\/09\/CoCa-23-barca-scaled.jpg\" alt=\"\" class=\"wp-image-639\" srcset=\"https:\/\/www.scoutduevette.ch\/wordpress\/wp-content\/uploads\/2024\/09\/CoCa-23-barca-scaled.jpg 2560w, https:\/\/www.scoutduevette.ch\/wordpress\/wp-content\/uploads\/2024\/09\/CoCa-23-barca-300x200.jpg 300w, https:\/\/www.scoutduevette.ch\/wordpress\/wp-content\/uploads\/2024\/09\/CoCa-23-barca-1024x683.jpg 1024w, https:\/\/www.scoutduevette.ch\/wordpress\/wp-content\/uploads\/2024\/09\/CoCa-23-barca-768x512.jpg 768w, https:\/\/www.scoutduevette.ch\/wordpress\/wp-content\/uploads\/2024\/09\/CoCa-23-barca-1536x1024.jpg 1536w, https:\/\/www.scoutduevette.ch\/wordpress\/wp-content\/uploads\/2024\/09\/CoCa-23-barca-2048x1365.jpg 2048w\" sizes=\"auto, (max-width: 2560px) 100vw, 2560px\" \/><\/figure>\n<\/div>\n<\/div>\n\n\n\n<div class=\"wp-block-columns is-layout-flex wp-container-core-columns-is-layout-9d6595d7 wp-block-columns-is-layout-flex\">\n<div class=\"wp-block-column is-layout-flow wp-block-column-is-layout-flow\">\n<figure class=\"wp-block-image size-full\"><img loading=\"lazy\" decoding=\"async\" width=\"533\" height=\"800\" src=\"https:\/\/scoutclaro.ch\/wordpress\/wp-content\/uploads\/2021\/09\/img_1713.jpg\" alt=\"\" class=\"wp-image-160\" srcset=\"https:\/\/www.scoutduevette.ch\/wordpress\/wp-content\/uploads\/2021\/09\/img_1713.jpg 533w, https:\/\/www.scoutduevette.ch\/wordpress\/wp-content\/uploads\/2021\/09\/img_1713-200x300.jpg 200w\" sizes=\"auto, (max-width: 533px) 100vw, 533px\" \/><\/figure>\n<\/div>\n\n\n\n<div class=\"wp-block-column is-layout-flow wp-block-column-is-layout-flow\">\n<h3 class=\"wp-block-heading\">Legge e promessa<\/h3>\n\n\n\n<p>La legge scout rappresenta uno dei nostri metodi. Rimane uguale a quella riportata sotto fino alla branca rover.<\/p>\n\n\n\n<ul class=\"wp-block-list\">\n<li>&#8230; essere aperti e sinceri.<\/li>\n\n\n\n<li>&#8230; ascoltare e rispettare gli altri.<\/li>\n\n\n\n<li>&#8230; trasmettere gioia attorno a noi.<\/li>\n\n\n\n<li>&#8230; condividere.<\/li>\n\n\n\n<li>&#8230; offrire il nostro aiuto.<\/li>\n\n\n\n<li>&#8230; amare la vita e proteggere la natura.<\/li>\n\n\n\n<li>&#8230; saper fare delle scelte e prendere degli impegni.<\/li>\n\n\n\n<li>&#8230; affrontare con fiducia le difficolt\u00e0.<\/li>\n<\/ul>\n\n\n\n<h5 class=\"wp-block-heading\">Promessa scout<\/h5>\n\n\n\n<p>Con gioia prometto di fare tutto il possibile<\/p>\n\n\n\n<ul class=\"wp-block-list\">\n<li>&#8230; per approfondire i valori della nostra legge,<\/li>\n\n\n\n<li>&#8230; per cercare di dare un senso alla mia vita,<\/li>\n\n\n\n<li>&#8230; per impegnarmi a favore di ogni comunit\u00e0 in cui vivo<\/li>\n<\/ul>\n\n\n\n<p>confidando (nell\u2019aiuto di Dio e) nel vostro aiuto.<\/p>\n<\/div>\n<\/div>\n","protected":false},"excerpt":{"rendered":"<p>Nome: Quarta branca \/ Branca rover-Animatori Et\u00e0: dai 18 in su! Motto: Servire Ritrovo: A loro discrezione Servire! I giovani adulti sono spesso suddivisi in reparti e si impegnano in questi gruppi oppure come singoli rover per lo scoutismo ed il loro ambiente. I reparti hanno diverse grandezze e si organizzano in modo indipendente. L\u2019orizzonte &hellip; <a href=\"https:\/\/www.scoutduevette.ch\/wordpress\/animatori\/\" class=\"more-link\">Continua la lettura di <span class=\"screen-reader-text\">ANIMATORI<\/span> <span class=\"meta-nav\">&rarr;<\/span><\/a><\/p>\n","protected":false},"author":1,"featured_media":0,"parent":0,"menu_order":0,"comment_status":"closed","ping_status":"closed","template":"page-templates\/norm-width.php","meta":{"_acf_changed":false,"footnotes":""},"categories":[6],"tags":[],"class_list":["post-7","page","type-page","status-publish","hentry","category-rover"],"acf":[],"_links":{"self":[{"href":"https:\/\/www.scoutduevette.ch\/wordpress\/wp-json\/wp\/v2\/pages\/7","targetHints":{"allow":["GET"]}}],"collection":[{"href":"https:\/\/www.scoutduevette.ch\/wordpress\/wp-json\/wp\/v2\/pages"}],"about":[{"href":"https:\/\/www.scoutduevette.ch\/wordpress\/wp-json\/wp\/v2\/types\/page"}],"author":[{"embeddable":true,"href":"https:\/\/www.scoutduevette.ch\/wordpress\/wp-json\/wp\/v2\/users\/1"}],"replies":[{"embeddable":true,"href":"https:\/\/www.scoutduevette.ch\/wordpress\/wp-json\/wp\/v2\/comments?post=7"}],"version-history":[{"count":4,"href":"https:\/\/www.scoutduevette.ch\/wordpress\/wp-json\/wp\/v2\/pages\/7\/revisions"}],"predecessor-version":[{"id":640,"href":"https:\/\/www.scoutduevette.ch\/wordpress\/wp-json\/wp\/v2\/pages\/7\/revisions\/640"}],"wp:attachment":[{"href":"https:\/\/www.scoutduevette.ch\/wordpress\/wp-json\/wp\/v2\/media?parent=7"}],"wp:term":[{"taxonomy":"category","embeddable":true,"href":"https:\/\/www.scoutduevette.ch\/wordpress\/wp-json\/wp\/v2\/categories?post=7"},{"taxonomy":"post_tag","embeddable":true,"href":"https:\/\/www.scoutduevette.ch\/wordpress\/wp-json\/wp\/v2\/tags?post=7"}],"curies":[{"name":"wp","href":"https:\/\/api.w.org\/{rel}","templated":true}]}}