{"id":27,"date":"2021-09-11T10:59:24","date_gmt":"2021-09-11T10:59:24","guid":{"rendered":"https:\/\/scoutclaro.ch\/wordpress\/?page_id=27"},"modified":"2023-01-25T00:05:01","modified_gmt":"2023-01-25T00:05:01","slug":"pionieri","status":"publish","type":"page","link":"https:\/\/www.scoutduevette.ch\/wordpress\/pionieri\/","title":{"rendered":"PIONIERI"},"content":{"rendered":"\n<div style=\"height:44px\" aria-hidden=\"true\" class=\"wp-block-spacer\"><\/div>\n\n\n\n<div class=\"wp-block-columns is-layout-flex wp-container-core-columns-is-layout-9d6595d7 wp-block-columns-is-layout-flex\">\n<div class=\"wp-block-column is-layout-flow wp-block-column-is-layout-flow\">\n<figure class=\"wp-block-image size-full\"><img loading=\"lazy\" decoding=\"async\" width=\"300\" height=\"346\" src=\"https:\/\/scoutclaro.ch\/wordpress\/wp-content\/uploads\/2021\/09\/pioniere1.jpg\" alt=\"\" class=\"wp-image-144\" srcset=\"https:\/\/www.scoutduevette.ch\/wordpress\/wp-content\/uploads\/2021\/09\/pioniere1.jpg 300w, https:\/\/www.scoutduevette.ch\/wordpress\/wp-content\/uploads\/2021\/09\/pioniere1-260x300.jpg 260w\" sizes=\"auto, (max-width: 300px) 100vw, 300px\" \/><\/figure>\n<\/div>\n\n\n\n<div class=\"wp-block-column is-layout-flow wp-block-column-is-layout-flow\">\n<figure class=\"wp-block-table is-style-stripes\"><table><tbody><tr><td><strong>Nome:<\/strong><\/td><td>Terza branca \/ Branca pionieri<\/td><\/tr><tr><td><strong>composta da:<\/strong><\/td><td>Posto (posti)<\/td><\/tr><tr><td><strong>Ogni posto \u00e8 composto da:<\/strong><\/td><td>Pionieri<\/td><\/tr><tr><td><strong>Et\u00e0:<\/strong><\/td><td>15 &#8211; 18 anni<\/td><\/tr><tr><td><strong>Filo conduttore:<\/strong><\/td><td>Vari<\/td><\/tr><tr><td><strong>Motto:<\/strong><\/td><td>Insieme con volonta!<\/td><\/tr><tr><td><strong>Ritrovo:<\/strong><\/td><td>A loro discrezione<\/td><\/tr><\/tbody><\/table><\/figure>\n<\/div>\n<\/div>\n\n\n\n<h2 class=\"has-text-align-center wp-block-heading\">Insieme con volont\u00e0<\/h2>\n\n\n\n<p>I giovani sono suddivisi in equipe di 5\u20138 pionieri e vinono all\u2019interno di questo gruppo le loro avventure. Con l\u2019aiuto degli animatori della branca pionieri pianificano ed organizzano attivit\u00e0 orientate al progetto e hanno cos\u00ec la possibilit\u00e0 di assumersi la responsabilit\u00e0 per s\u00e9 stessi e per gli altri. Verso la fine della branca pionieri i pionieri si pongono la questione del loro futuro scout. Hanno la possibilit\u00e0 di provare a fare gli animatori delle diverse branche e degli scout ad ogni costo (SOC) ed alla fine decidono se vogliono diventare animatori dai lupetti, dagli esploratori o dagli SOC. Le camicie rosse dei pionieri saltano subito all\u2019occhio.\u00a0<\/p>\n\n\n\n<div class=\"wp-block-columns is-layout-flex wp-container-core-columns-is-layout-9d6595d7 wp-block-columns-is-layout-flex\">\n<div class=\"wp-block-column is-layout-flow wp-block-column-is-layout-flow\">\n<h3 class=\"wp-block-heading\">Legge e promessa<\/h3>\n\n\n\n<p>La legge scout rappresenta uno dei nostri metodi. Rimane uguale a quella riportata sotto fino alla branca rover.<\/p>\n\n\n\n<ul class=\"wp-block-list\"><li>&#8230; essere aperti e sinceri.<\/li><li>&#8230; ascoltare e rispettare gli altri.<\/li><li>&#8230; trasmettere gioia attorno a noi.<\/li><li>&#8230; condividere.<\/li><li>&#8230; offrire il nostro aiuto.<\/li><li>&#8230; amare la vita e proteggere la natura.<\/li><li>&#8230; saper fare delle scelte e prendere degli impegni.<\/li><li>&#8230; affrontare con fiducia le difficolt\u00e0.<\/li><\/ul>\n\n\n\n<h5 class=\"wp-block-heading\">Promessa scout<\/h5>\n\n\n\n<p>Con gioia prometto di fare tutto il possibile<\/p>\n\n\n\n<ul class=\"wp-block-list\"><li>&#8230; per approfondire i valori della nostra legge,<\/li><li>&#8230; per cercare di dare un senso alla mia vita,<\/li><li>&#8230; per impegnarmi a favore di ogni comunit\u00e0 in cui vivo<\/li><\/ul>\n\n\n\n<p>confidando (nell\u2019aiuto di Dio e) nel vostro aiuto.<\/p>\n<\/div>\n\n\n\n<div class=\"wp-block-column is-layout-flow wp-block-column-is-layout-flow\">\n<figure class=\"wp-block-image size-large\"><img loading=\"lazy\" decoding=\"async\" width=\"768\" height=\"1024\" src=\"https:\/\/scoutclaro.ch\/wordpress\/wp-content\/uploads\/2021\/09\/IMG_20210508_151111-768x1024.jpg\" alt=\"\" class=\"wp-image-150\" srcset=\"https:\/\/www.scoutduevette.ch\/wordpress\/wp-content\/uploads\/2021\/09\/IMG_20210508_151111-768x1024.jpg 768w, https:\/\/www.scoutduevette.ch\/wordpress\/wp-content\/uploads\/2021\/09\/IMG_20210508_151111-225x300.jpg 225w, https:\/\/www.scoutduevette.ch\/wordpress\/wp-content\/uploads\/2021\/09\/IMG_20210508_151111-1152x1536.jpg 1152w, https:\/\/www.scoutduevette.ch\/wordpress\/wp-content\/uploads\/2021\/09\/IMG_20210508_151111-1536x2048.jpg 1536w, https:\/\/www.scoutduevette.ch\/wordpress\/wp-content\/uploads\/2021\/09\/IMG_20210508_151111-scaled.jpg 1920w\" sizes=\"auto, (max-width: 768px) 100vw, 768px\" \/><\/figure>\n<\/div>\n<\/div>\n\n\n\n<div class=\"wp-block-columns is-layout-flex wp-container-core-columns-is-layout-9d6595d7 wp-block-columns-is-layout-flex\">\n<div class=\"wp-block-column is-layout-flow wp-block-column-is-layout-flow\">\n<figure class=\"wp-block-image size-full\"><img loading=\"lazy\" decoding=\"async\" width=\"697\" height=\"347\" src=\"https:\/\/scoutclaro.ch\/wordpress\/wp-content\/uploads\/2021\/09\/pioneeringwithlove-1.jpeg\" alt=\"\" class=\"wp-image-148\" srcset=\"https:\/\/www.scoutduevette.ch\/wordpress\/wp-content\/uploads\/2021\/09\/pioneeringwithlove-1.jpeg 697w, https:\/\/www.scoutduevette.ch\/wordpress\/wp-content\/uploads\/2021\/09\/pioneeringwithlove-1-300x149.jpeg 300w\" sizes=\"auto, (max-width: 697px) 100vw, 697px\" \/><\/figure>\n<\/div>\n\n\n\n<div class=\"wp-block-column is-layout-flow wp-block-column-is-layout-flow\">\n<h3 class=\"wp-block-heading\">Riti e tradizioni del posto<\/h3>\n\n\n\n<p>Oltre ai riti proposti dalla sezione o dalla direzione di posto si sviluppano anche dei momenti all&#8217;interno del posto che vengono vissuti in modo consapevole e che pertanto diventano dei riti comuni. Tra questi rientrano attivit\u00e0 tipiche della branca come la promessa ma anche piccoli momenti come un modo di salutarsi comune o la preparazione di un pasto che coinvolga tutto il posto.&nbsp;<\/p>\n\n\n\n<p>I pionieri&#8230;<\/p>\n\n\n\n<ul class=\"wp-block-list\"><li>aprono i propri orizzonti verso altre culture del mondo.<\/li><li>si fanno un&#8217;idea dei valori che vengono trasmessi nelle diverse culture e li confrontano con quelli dello scoutismo.<\/li><li>analizzano i valori scout e se lo desiderano fanno la promessa scout.<\/li><\/ul>\n<\/div>\n<\/div>\n","protected":false},"excerpt":{"rendered":"<p>Nome: Terza branca \/ Branca pionieri composta da: Posto (posti) Ogni posto \u00e8 composto da: Pionieri Et\u00e0: 15 &#8211; 18 anni Filo conduttore: Vari Motto: Insieme con volonta! Ritrovo: A loro discrezione Insieme con volont\u00e0 I giovani sono suddivisi in equipe di 5\u20138 pionieri e vinono all\u2019interno di questo gruppo le loro avventure. Con l\u2019aiuto &hellip; <a href=\"https:\/\/www.scoutduevette.ch\/wordpress\/pionieri\/\" class=\"more-link\">Continua la lettura di <span class=\"screen-reader-text\">PIONIERI<\/span> <span class=\"meta-nav\">&rarr;<\/span><\/a><\/p>\n","protected":false},"author":1,"featured_media":0,"parent":0,"menu_order":0,"comment_status":"closed","ping_status":"open","template":"page-templates\/full-width.php","meta":{"_acf_changed":false,"footnotes":""},"categories":[5],"tags":[],"class_list":["post-27","page","type-page","status-publish","hentry","category-pionieri"],"acf":[],"_links":{"self":[{"href":"https:\/\/www.scoutduevette.ch\/wordpress\/wp-json\/wp\/v2\/pages\/27","targetHints":{"allow":["GET"]}}],"collection":[{"href":"https:\/\/www.scoutduevette.ch\/wordpress\/wp-json\/wp\/v2\/pages"}],"about":[{"href":"https:\/\/www.scoutduevette.ch\/wordpress\/wp-json\/wp\/v2\/types\/page"}],"author":[{"embeddable":true,"href":"https:\/\/www.scoutduevette.ch\/wordpress\/wp-json\/wp\/v2\/users\/1"}],"replies":[{"embeddable":true,"href":"https:\/\/www.scoutduevette.ch\/wordpress\/wp-json\/wp\/v2\/comments?post=27"}],"version-history":[{"count":6,"href":"https:\/\/www.scoutduevette.ch\/wordpress\/wp-json\/wp\/v2\/pages\/27\/revisions"}],"predecessor-version":[{"id":156,"href":"https:\/\/www.scoutduevette.ch\/wordpress\/wp-json\/wp\/v2\/pages\/27\/revisions\/156"}],"wp:attachment":[{"href":"https:\/\/www.scoutduevette.ch\/wordpress\/wp-json\/wp\/v2\/media?parent=27"}],"wp:term":[{"taxonomy":"category","embeddable":true,"href":"https:\/\/www.scoutduevette.ch\/wordpress\/wp-json\/wp\/v2\/categories?post=27"},{"taxonomy":"post_tag","embeddable":true,"href":"https:\/\/www.scoutduevette.ch\/wordpress\/wp-json\/wp\/v2\/tags?post=27"}],"curies":[{"name":"wp","href":"https:\/\/api.w.org\/{rel}","templated":true}]}}