{"id":15,"date":"2021-09-11T10:43:00","date_gmt":"2021-09-11T10:43:00","guid":{"rendered":"https:\/\/scoutclaro.ch\/wordpress\/?page_id=15"},"modified":"2024-10-15T00:25:56","modified_gmt":"2024-10-15T00:25:56","slug":"esploratori","status":"publish","type":"page","link":"https:\/\/www.scoutduevette.ch\/wordpress\/esploratori\/","title":{"rendered":"ESPLORATORI"},"content":{"rendered":"\n<div style=\"height:34px\" aria-hidden=\"true\" class=\"wp-block-spacer\"><\/div>\n\n\n\n<div class=\"wp-block-columns is-layout-flex wp-container-core-columns-is-layout-9d6595d7 wp-block-columns-is-layout-flex\">\n<div class=\"wp-block-column is-layout-flow wp-block-column-is-layout-flow\">\n<figure class=\"wp-block-image size-full\"><img loading=\"lazy\" decoding=\"async\" width=\"300\" height=\"456\" src=\"https:\/\/scoutclaro.ch\/wordpress\/wp-content\/uploads\/2021\/09\/esploratore1.jpg\" alt=\"\" class=\"wp-image-129\" srcset=\"https:\/\/www.scoutduevette.ch\/wordpress\/wp-content\/uploads\/2021\/09\/esploratore1.jpg 300w, https:\/\/www.scoutduevette.ch\/wordpress\/wp-content\/uploads\/2021\/09\/esploratore1-197x300.jpg 197w\" sizes=\"auto, (max-width: 300px) 100vw, 300px\" \/><\/figure>\n<\/div>\n\n\n\n<div class=\"wp-block-column is-layout-flow wp-block-column-is-layout-flow\">\n<figure class=\"wp-block-table is-style-stripes\"><table><tbody><tr><td><strong>Nome:<\/strong><\/td><td>Seconda branca \/ Branca esploratori<\/td><\/tr><tr><td><strong>composta da:<\/strong><\/td><td>Reparto (reparti)<\/td><\/tr><tr><td><strong>Ogni reparto \u00e8 composto da:<\/strong><\/td><td>2-4 Pattuglie<\/td><\/tr><tr><td><strong>Membri per pattuglia:<\/strong><\/td><td>6 Esploratori<\/td><\/tr><tr><td><strong>Et\u00e0:<\/strong><\/td><td>11 &#8211; 15 anni<\/td><\/tr><tr><td><strong>Filo conduttore:<\/strong><\/td><td>Vari<\/td><\/tr><tr><td><strong>Motto:<\/strong><\/td><td>Sempre pronti!<\/td><\/tr><tr><td><strong>Lettura:<\/strong><\/td><td>Thilo<\/td><\/tr><tr><td><strong>Ritrovo:<\/strong><\/td><td>Sabato pomeriggio dalle 14.00 alle 16.30<\/td><\/tr><\/tbody><\/table><\/figure>\n<\/div>\n<\/div>\n\n\n\n<h2 class=\"wp-block-heading has-text-align-center\">Sempre pronti!<\/h2>\n\n\n\n<p class=\"has-text-align-center\">La pattuglia o il gruppo \u00e8 l\u2019unit\u00e0 pi\u00f9 importante della branca esploratori. Si compone di 6\u20138 membri ed \u00e8 guidata dal capo pattuglia. Pi\u00f9 pattuglie assieme formano un reparto, che viene guidato da un team di animatori. Di regola le attivit\u00e0 della branca esploratori hanno luogo ogni settimana il sabato pomeriggio. Alcune di queste attivit\u00e0 vengono organizzati dai capi pattuglia per la loro pattuglia. Il momento pi\u00f9 importante dell\u2019anno scout \u00e8 il campo estivo, che dura in genere due settimane e si svolge in tenda. Durante il campo gli esploratori vivono sulla loro pelle la vita nella e con la natura e raccolgono esperienze per il futuro scout. Con la loro camicia scout color cachi i bambini ed i giovani della branca esploratori stanno proprio bene nella natura.<\/p>\n\n\n\n<div class=\"wp-block-columns is-layout-flex wp-container-core-columns-is-layout-9d6595d7 wp-block-columns-is-layout-flex\">\n<div class=\"wp-block-column is-layout-flow wp-block-column-is-layout-flow\">\n<h2 class=\"wp-block-heading\">Simbolismo, specialit\u00e0<\/h2>\n\n\n\n<p>Gli esploratori hanno la possibilit\u00e0 di specializzarsi su un determinato tema. Per far ci\u00f2 partecipano assieme ai\/alle loro animatori\/trici a delle parti di programma orientate su questo tema. Quando le attivit\u00e0 per ottenere la specialit\u00e0 sono concluse gli esploratori, fieri, ricevono un distintivo per la loro camicia.<\/p>\n\n\n\n<h2 class=\"wp-block-heading\">Simbolismo, stelle<\/h2>\n\n\n\n<p>Durante i quattro anni della branca esploratori gli esploratori si sviluppano da bambini a giovani ed in questo lasso di tempo imparano tantissime cose nuove. Per questa ragione hanno la possibilit\u00e0 di testare il loro sapere nel campo della tecnica scout e guadagnarsi cos\u00ec ulteriori distintivi per la loro camicia scout. Le stelle sono composte da tre tappe, che sono suddivise sull&#8217;arco del periodo vissuto come esploratori.<\/p>\n<\/div>\n\n\n\n<div class=\"wp-block-column is-layout-flow wp-block-column-is-layout-flow\">\n<figure class=\"wp-block-image size-large is-resized\"><img loading=\"lazy\" decoding=\"async\" width=\"1024\" height=\"776\" src=\"https:\/\/www.scoutduevette.ch\/wordpress\/wp-content\/uploads\/2024\/03\/versione-2-1024x776.jpeg\" alt=\"\" class=\"wp-image-548\" style=\"width:434px;height:289px\" srcset=\"https:\/\/www.scoutduevette.ch\/wordpress\/wp-content\/uploads\/2024\/03\/versione-2-1024x776.jpeg 1024w, https:\/\/www.scoutduevette.ch\/wordpress\/wp-content\/uploads\/2024\/03\/versione-2-300x227.jpeg 300w, https:\/\/www.scoutduevette.ch\/wordpress\/wp-content\/uploads\/2024\/03\/versione-2-768x582.jpeg 768w, https:\/\/www.scoutduevette.ch\/wordpress\/wp-content\/uploads\/2024\/03\/versione-2-1536x1164.jpeg 1536w, https:\/\/www.scoutduevette.ch\/wordpress\/wp-content\/uploads\/2024\/03\/versione-2-2048x1552.jpeg 2048w\" sizes=\"auto, (max-width: 1024px) 100vw, 1024px\" \/><\/figure>\n<\/div>\n<\/div>\n\n\n\n<div class=\"wp-block-columns is-layout-flex wp-container-core-columns-is-layout-9d6595d7 wp-block-columns-is-layout-flex\">\n<div class=\"wp-block-column is-layout-flow wp-block-column-is-layout-flow\"><div class=\"wp-block-image\">\n<figure class=\"alignright size-medium is-resized\"><img loading=\"lazy\" decoding=\"async\" width=\"225\" height=\"300\" src=\"https:\/\/www.scoutduevette.ch\/wordpress\/wp-content\/uploads\/2024\/10\/20240722_204631-225x300.jpeg\" alt=\"\" class=\"wp-image-760\" style=\"width:280px\" srcset=\"https:\/\/www.scoutduevette.ch\/wordpress\/wp-content\/uploads\/2024\/10\/20240722_204631-225x300.jpeg 225w, https:\/\/www.scoutduevette.ch\/wordpress\/wp-content\/uploads\/2024\/10\/20240722_204631-768x1024.jpeg 768w, https:\/\/www.scoutduevette.ch\/wordpress\/wp-content\/uploads\/2024\/10\/20240722_204631-1152x1536.jpeg 1152w, https:\/\/www.scoutduevette.ch\/wordpress\/wp-content\/uploads\/2024\/10\/20240722_204631-1536x2048.jpeg 1536w, https:\/\/www.scoutduevette.ch\/wordpress\/wp-content\/uploads\/2024\/10\/20240722_204631-scaled.jpeg 1920w\" sizes=\"auto, (max-width: 225px) 100vw, 225px\" \/><\/figure>\n<\/div><\/div>\n\n\n\n<div class=\"wp-block-column is-layout-flow wp-block-column-is-layout-flow\">\n<h2 class=\"wp-block-heading\">Legge e promessa<\/h2>\n\n\n\n<p>La legge scout rappresenta uno dei nostri metodi. Rimane uguale a quella riportata sotto fino alla branca rover.<\/p>\n\n\n\n<ul class=\"wp-block-list\">\n<li>&#8230; essere aperti e sinceri.<\/li>\n\n\n\n<li>&#8230; ascoltare e rispettare gli altri.<\/li>\n\n\n\n<li>&#8230; trasmettere gioia attorno a noi.<\/li>\n\n\n\n<li>&#8230; condividere.<\/li>\n\n\n\n<li>&#8230; offrire il nostro aiuto.<\/li>\n\n\n\n<li>&#8230; amare la vita e proteggere la natura.<\/li>\n\n\n\n<li>&#8230; saper fare delle scelte e prendere degli impegni.<\/li>\n\n\n\n<li>&#8230; affrontare con fiducia le difficolt\u00e0.<\/li>\n<\/ul>\n<\/div>\n<\/div>\n\n\n\n<div class=\"wp-block-columns is-layout-flex wp-container-core-columns-is-layout-9d6595d7 wp-block-columns-is-layout-flex\">\n<div class=\"wp-block-column is-layout-flow wp-block-column-is-layout-flow\">\n<h2 class=\"wp-block-heading\">Promessa scout<\/h2>\n\n\n\n<p>Con gioia prometto di fare tutto il possibile<\/p>\n\n\n\n<ul class=\"wp-block-list\">\n<li>&#8230; per approfondire i valori della nostra legge,<\/li>\n\n\n\n<li>&#8230; per cercare di dare un senso alla mia vita,<\/li>\n\n\n\n<li>&#8230; per impegnarmi a favore di ogni comunit\u00e0 in cui vivo<\/li>\n<\/ul>\n\n\n\n<p>confidando (nell\u2019aiuto di Dio e) nel vostro aiuto.<\/p>\n<\/div>\n\n\n\n<div class=\"wp-block-column is-layout-flow wp-block-column-is-layout-flow\"><div class=\"wp-block-image\">\n<figure class=\"alignleft size-medium is-resized\"><img loading=\"lazy\" decoding=\"async\" width=\"300\" height=\"269\" src=\"https:\/\/www.scoutduevette.ch\/wordpress\/wp-content\/uploads\/2024\/09\/IMG_7539-300x269.jpg\" alt=\"\" class=\"wp-image-631\" style=\"width:auto;height:300px\" srcset=\"https:\/\/www.scoutduevette.ch\/wordpress\/wp-content\/uploads\/2024\/09\/IMG_7539-300x269.jpg 300w, https:\/\/www.scoutduevette.ch\/wordpress\/wp-content\/uploads\/2024\/09\/IMG_7539-1024x918.jpg 1024w, https:\/\/www.scoutduevette.ch\/wordpress\/wp-content\/uploads\/2024\/09\/IMG_7539-768x689.jpg 768w, https:\/\/www.scoutduevette.ch\/wordpress\/wp-content\/uploads\/2024\/09\/IMG_7539.jpg 1170w\" sizes=\"auto, (max-width: 300px) 100vw, 300px\" \/><figcaption class=\"wp-element-caption\">Sguardo puntato al Visagno!<\/figcaption><\/figure>\n<\/div><\/div>\n<\/div>\n\n\n\n<div class=\"wp-block-columns is-layout-flex wp-container-core-columns-is-layout-9d6595d7 wp-block-columns-is-layout-flex\">\n<div class=\"wp-block-column is-layout-flow wp-block-column-is-layout-flow\"><\/div>\n\n\n\n<div class=\"wp-block-column is-layout-flow wp-block-column-is-layout-flow\">\n<h2 class=\"wp-block-heading\">Primo impegno<\/h2>\n\n\n\n<p>Voglio impegnarmi nella mia pattuglia \/ nel mio reparto e fare del mio meglio per vivere secondo la legge scout. Chiedo (a Dio e) a voi tutti di aiutarmi.<\/p>\n<\/div>\n<\/div>\n","protected":false},"excerpt":{"rendered":"<p>Nome: Seconda branca \/ Branca esploratori composta da: Reparto (reparti) Ogni reparto \u00e8 composto da: 2-4 Pattuglie Membri per pattuglia: 6 Esploratori Et\u00e0: 11 &#8211; 15 anni Filo conduttore: Vari Motto: Sempre pronti! Lettura: Thilo Ritrovo: Sabato pomeriggio dalle 14.00 alle 16.30 Sempre pronti! La pattuglia o il gruppo \u00e8 l\u2019unit\u00e0 pi\u00f9 importante della branca &hellip; <a href=\"https:\/\/www.scoutduevette.ch\/wordpress\/esploratori\/\" class=\"more-link\">Continua la lettura di <span class=\"screen-reader-text\">ESPLORATORI<\/span> <span class=\"meta-nav\">&rarr;<\/span><\/a><\/p>\n","protected":false},"author":1,"featured_media":0,"parent":0,"menu_order":0,"comment_status":"closed","ping_status":"open","template":"page-templates\/norm-width.php","meta":{"_acf_changed":false,"footnotes":""},"categories":[4],"tags":[],"class_list":["post-15","page","type-page","status-publish","hentry","category-esploratori"],"acf":[],"_links":{"self":[{"href":"https:\/\/www.scoutduevette.ch\/wordpress\/wp-json\/wp\/v2\/pages\/15","targetHints":{"allow":["GET"]}}],"collection":[{"href":"https:\/\/www.scoutduevette.ch\/wordpress\/wp-json\/wp\/v2\/pages"}],"about":[{"href":"https:\/\/www.scoutduevette.ch\/wordpress\/wp-json\/wp\/v2\/types\/page"}],"author":[{"embeddable":true,"href":"https:\/\/www.scoutduevette.ch\/wordpress\/wp-json\/wp\/v2\/users\/1"}],"replies":[{"embeddable":true,"href":"https:\/\/www.scoutduevette.ch\/wordpress\/wp-json\/wp\/v2\/comments?post=15"}],"version-history":[{"count":23,"href":"https:\/\/www.scoutduevette.ch\/wordpress\/wp-json\/wp\/v2\/pages\/15\/revisions"}],"predecessor-version":[{"id":878,"href":"https:\/\/www.scoutduevette.ch\/wordpress\/wp-json\/wp\/v2\/pages\/15\/revisions\/878"}],"wp:attachment":[{"href":"https:\/\/www.scoutduevette.ch\/wordpress\/wp-json\/wp\/v2\/media?parent=15"}],"wp:term":[{"taxonomy":"category","embeddable":true,"href":"https:\/\/www.scoutduevette.ch\/wordpress\/wp-json\/wp\/v2\/categories?post=15"},{"taxonomy":"post_tag","embeddable":true,"href":"https:\/\/www.scoutduevette.ch\/wordpress\/wp-json\/wp\/v2\/tags?post=15"}],"curies":[{"name":"wp","href":"https:\/\/api.w.org\/{rel}","templated":true}]}}