{"id":11,"date":"2021-09-11T10:42:28","date_gmt":"2021-09-11T10:42:28","guid":{"rendered":"https:\/\/scoutclaro.ch\/wordpress\/?page_id=11"},"modified":"2023-01-24T23:59:56","modified_gmt":"2023-01-24T23:59:56","slug":"castori","status":"publish","type":"page","link":"https:\/\/www.scoutduevette.ch\/wordpress\/castori\/","title":{"rendered":"CASTORI"},"content":{"rendered":"\n<div class=\"wp-block-image\"><figure class=\"aligncenter size-full is-resized\"><img loading=\"lazy\" decoding=\"async\" src=\"https:\/\/scoutclaro.ch\/wordpress\/wp-content\/uploads\/2021\/09\/triste-1.jpg\" alt=\"\" class=\"wp-image-109\" width=\"123\" height=\"107\" srcset=\"https:\/\/www.scoutduevette.ch\/wordpress\/wp-content\/uploads\/2021\/09\/triste-1.jpg 900w, https:\/\/www.scoutduevette.ch\/wordpress\/wp-content\/uploads\/2021\/09\/triste-1-300x260.jpg 300w, https:\/\/www.scoutduevette.ch\/wordpress\/wp-content\/uploads\/2021\/09\/triste-1-768x666.jpg 768w\" sizes=\"auto, (max-width: 123px) 100vw, 123px\" \/><\/figure><\/div>\n\n\n\n<h2 class=\"has-text-align-center wp-block-heading\">Al momento nella nostra sezione non esiste una branca castori <\/h2>\n\n\n\n<p class=\"has-text-align-center\">Composta da bambini<br><strong>dai 5 ai 7 anni<\/strong><br>la branca castori non \u00e8 obbligatoria e perci\u00f2 non esiste in tutte le sezioni. Le attivit\u00e0 hanno luogo in seno alla colonia di castori, un grande gruppo di 15\u201320 bambini. Per le singole parti di programma i castori vengono suddivisi in piccoli gruppi di tra fino a cinque bambini. Le attivit\u00e0 dei castori hanno luogo ogni due o quattro settimane e non durano pi\u00f9 di due ore e mezza. Nella branca castori \u00e8 importante che l\u2019animatore della branca abbia esperienza.<\/p>\n\n\n\n<h3 class=\"has-text-align-center wp-block-heading\">Partecipiamo con gioia!<\/h3>\n\n\n\n<p class=\"has-text-align-center\">Nella branca castori i nostri membri pi\u00f9 piccoli respirano gi\u00e0 l\u2019aria scout assieme ai due castori Mauna e Sori. Con l\u2019aiuto del libro illustrato dei castori e di bambole di stoffa i bambini attraversano l\u2019anno ed imparano cose nuove ed interessanti. Tutte le attivit\u00e0 della branca castori vengono pianificate ed effettuate secondo le basi scout come sono descritte nel profilo scout.<\/p>\n\n\n\n<p><\/p>\n","protected":false},"excerpt":{"rendered":"<p>Al momento nella nostra sezione non esiste una branca castori Composta da bambinidai 5 ai 7 annila branca castori non \u00e8 obbligatoria e perci\u00f2 non esiste in tutte le sezioni. Le attivit\u00e0 hanno luogo in seno alla colonia di castori, un grande gruppo di 15\u201320 bambini. Per le singole parti di programma i castori vengono &hellip; <a href=\"https:\/\/www.scoutduevette.ch\/wordpress\/castori\/\" class=\"more-link\">Continua la lettura di <span class=\"screen-reader-text\">CASTORI<\/span> <span class=\"meta-nav\">&rarr;<\/span><\/a><\/p>\n","protected":false},"author":1,"featured_media":0,"parent":0,"menu_order":0,"comment_status":"closed","ping_status":"open","template":"page-templates\/full-width.php","meta":{"_acf_changed":false,"footnotes":""},"categories":[2],"tags":[],"class_list":["post-11","page","type-page","status-publish","hentry","category-castori"],"acf":[],"_links":{"self":[{"href":"https:\/\/www.scoutduevette.ch\/wordpress\/wp-json\/wp\/v2\/pages\/11","targetHints":{"allow":["GET"]}}],"collection":[{"href":"https:\/\/www.scoutduevette.ch\/wordpress\/wp-json\/wp\/v2\/pages"}],"about":[{"href":"https:\/\/www.scoutduevette.ch\/wordpress\/wp-json\/wp\/v2\/types\/page"}],"author":[{"embeddable":true,"href":"https:\/\/www.scoutduevette.ch\/wordpress\/wp-json\/wp\/v2\/users\/1"}],"replies":[{"embeddable":true,"href":"https:\/\/www.scoutduevette.ch\/wordpress\/wp-json\/wp\/v2\/comments?post=11"}],"version-history":[{"count":6,"href":"https:\/\/www.scoutduevette.ch\/wordpress\/wp-json\/wp\/v2\/pages\/11\/revisions"}],"predecessor-version":[{"id":113,"href":"https:\/\/www.scoutduevette.ch\/wordpress\/wp-json\/wp\/v2\/pages\/11\/revisions\/113"}],"wp:attachment":[{"href":"https:\/\/www.scoutduevette.ch\/wordpress\/wp-json\/wp\/v2\/media?parent=11"}],"wp:term":[{"taxonomy":"category","embeddable":true,"href":"https:\/\/www.scoutduevette.ch\/wordpress\/wp-json\/wp\/v2\/categories?post=11"},{"taxonomy":"post_tag","embeddable":true,"href":"https:\/\/www.scoutduevette.ch\/wordpress\/wp-json\/wp\/v2\/tags?post=11"}],"curies":[{"name":"wp","href":"https:\/\/api.w.org\/{rel}","templated":true}]}}